{"id":6,"date":"2013-10-27T11:43:22","date_gmt":"2013-10-27T11:43:22","guid":{"rendered":"http:\/\/torreresfriamento.com.br\/tr\/?page_id=6"},"modified":"2021-03-24T15:00:59","modified_gmt":"2021-03-24T18:00:59","slug":"torre-de-resfriamento","status":"publish","type":"page","link":"https:\/\/torreresfriamento.com.br\/tr\/","title":{"rendered":"Torre de Resfriamento"},"content":{"rendered":"<p style=\"text-align: center;\"><strong><span style=\"color: #0000ff;\">Um site com tudo o que voc\u00ea precisa saber sobre Torre de Resfriamento<\/span><\/strong><\/p>\n<p style=\"text-align: center;\">Este espa\u00e7o foi criado para auxiliar todos aqueles que utilizam, pretendem utilizar ou buscam informa\u00e7\u00f5es sobre Torres de Resfriamento.<br \/>\nTodo o acervo que fornecemos aqui \u00e9 gratuito, e toda contribui\u00e7\u00e3o \u00e9 muito bem-vinda.<\/p>\n<p style=\"text-align: center;\"><img decoding=\"async\" src=\"http:\/\/torreresfriamento.com.br\/imagem\/torrefunc.gif\" alt=\"\" \/><\/p>\n<p style=\"text-align: center;\">Aqui voc\u00ea ir\u00e1 encontrar informa\u00e7\u00f5es sobre o funcionamento de uma torre de resfriamento, com um manual completo e bastante did\u00e1tico. Vai encontrar ainda informa\u00e7\u00f5es sobre os componentes que fazem parte de uma torre de resfriamento, com orienta\u00e7\u00f5es sobre os cuidados para a sua aquisi\u00e7\u00e3o.<\/p>\n<p>&nbsp;<\/p>\n<p style=\"text-align: center;\"><span style=\"color: #0000ff;\"><strong>\u00a0<\/strong><\/span><\/p>\n","protected":false},"excerpt":{"rendered":"<p>Um site com tudo o que voc\u00ea precisa saber sobre Torre de Resfriamento Este espa\u00e7o foi criado para auxiliar todos aqueles que utilizam, pretendem utilizar ou buscam informa\u00e7\u00f5es sobre Torres de Resfriamento. Todo o acervo que fornecemos aqui \u00e9 gratuito, &hellip; <a href=\"https:\/\/torreresfriamento.com.br\/tr\/\">Continue lendo <span class=\"meta-nav\">&rarr;<\/span><\/a><\/p>\n","protected":false},"author":1,"featured_media":0,"parent":0,"menu_order":0,"comment_status":"closed","ping_status":"closed","template":"","meta":{"footnotes":""},"class_list":["post-6","page","type-page","status-publish","hentry"],"aioseo_notices":[],"_links":{"self":[{"href":"https:\/\/torreresfriamento.com.br\/tr\/wp-json\/wp\/v2\/pages\/6"}],"collection":[{"href":"https:\/\/torreresfriamento.com.br\/tr\/wp-json\/wp\/v2\/pages"}],"about":[{"href":"https:\/\/torreresfriamento.com.br\/tr\/wp-json\/wp\/v2\/types\/page"}],"author":[{"embeddable":true,"href":"https:\/\/torreresfriamento.com.br\/tr\/wp-json\/wp\/v2\/users\/1"}],"replies":[{"embeddable":true,"href":"https:\/\/torreresfriamento.com.br\/tr\/wp-json\/wp\/v2\/comments?post=6"}],"version-history":[{"count":0,"href":"https:\/\/torreresfriamento.com.br\/tr\/wp-json\/wp\/v2\/pages\/6\/revisions"}],"wp:attachment":[{"href":"https:\/\/torreresfriamento.com.br\/tr\/wp-json\/wp\/v2\/media?parent=6"}],"curies":[{"name":"wp","href":"https:\/\/api.w.org\/{rel}","templated":true}]}}